{"id":19,"date":"2018-10-18T07:05:42","date_gmt":"2018-10-18T12:05:42","guid":{"rendered":"https:\/\/cloudcanada.net\/?page_id=19"},"modified":"2019-01-05T11:33:54","modified_gmt":"2019-01-05T16:33:54","slug":"contact","status":"publish","type":"page","link":"https:\/\/cloudcanada.net\/index.php\/contact\/","title":{"rendered":""},"content":{"rendered":"<h2><strong>Besoin d\u2019un expert en informatique ?<\/strong><\/h2>\n<p>\u00c9crivez-nous !\u00a0 \u00a0Parlez-nous de vos projets ou de vous soucis informatiques. C\u2019est avec plaisir que nous communiquerons avec vous dans les plus brefs d\u00e9lais afin de vous guider vers les meilleures solutions informatiques.<\/p>\n<h3><strong>Contactez-nous!<\/strong><\/h3>\n<p class=\"lead\"><strong>T\u00e9l\u00e9phone:<\/strong>\u00a0<a href=\"tel:819-818-4350\">819-818-4350<\/a><br \/>\n<strong>Courriel:<\/strong>\u00a0<a href=\"mailto:info@cloudcanada.net\" target=\"_blank\" rel=\"noopener\">info@cloudcanada.net<\/a><\/p>\n<p>&nbsp;<\/p>\n","protected":false},"excerpt":{"rendered":"<p>Besoin d\u2019un expert en informatique ? \u00c9crivez-nous !\u00a0 \u00a0Parlez-nous de vos projets ou de vous soucis informatiques. C\u2019est avec plaisir que nous communiquerons avec vous dans les plus brefs d\u00e9lais afin de vous guider vers les meilleures solutions informatiques. Contactez-nous! T\u00e9l\u00e9phone:\u00a0819-818-4350 Courriel:\u00a0info@cloudcanada.net &nbsp;<\/p>\n","protected":false},"author":1,"featured_media":0,"parent":0,"menu_order":0,"comment_status":"closed","ping_status":"closed","template":"","meta":[],"_links":{"self":[{"href":"https:\/\/cloudcanada.net\/index.php\/wp-json\/wp\/v2\/pages\/19"}],"collection":[{"href":"https:\/\/cloudcanada.net\/index.php\/wp-json\/wp\/v2\/pages"}],"about":[{"href":"https:\/\/cloudcanada.net\/index.php\/wp-json\/wp\/v2\/types\/page"}],"author":[{"embeddable":true,"href":"https:\/\/cloudcanada.net\/index.php\/wp-json\/wp\/v2\/users\/1"}],"replies":[{"embeddable":true,"href":"https:\/\/cloudcanada.net\/index.php\/wp-json\/wp\/v2\/comments?post=19"}],"version-history":[{"count":8,"href":"https:\/\/cloudcanada.net\/index.php\/wp-json\/wp\/v2\/pages\/19\/revisions"}],"predecessor-version":[{"id":167,"href":"https:\/\/cloudcanada.net\/index.php\/wp-json\/wp\/v2\/pages\/19\/revisions\/167"}],"wp:attachment":[{"href":"https:\/\/cloudcanada.net\/index.php\/wp-json\/wp\/v2\/media?parent=19"}],"curies":[{"name":"wp","href":"https:\/\/api.w.org\/{rel}","templated":true}]}}