{"id":17,"date":"2018-10-18T07:05:42","date_gmt":"2018-10-18T12:05:42","guid":{"rendered":"https:\/\/cloudcanada.net\/?page_id=17"},"modified":"2019-01-15T18:58:35","modified_gmt":"2019-01-15T23:58:35","slug":"services","status":"publish","type":"page","link":"https:\/\/cloudcanada.net\/index.php\/services\/","title":{"rendered":""},"content":{"rendered":"<div class=\"content_info\">\n<div class=\"paddings \">\n<div class=\"container \">\n<div class=\"row \">\n<div class=\"col-sm-12\">\n<h2 class=\"vc_custom_heading vc_custom_1487274306634\"><strong>Services informatique Normand Houde<\/strong>,<br \/>\nvotre partenaire certifi\u00e9 <strong>MCSA Office 365<\/strong><\/h2>\n<h2 class=\"vc_custom_heading vc_custom_1487274313905\"><strong>Solutions Cloud pour les PME<\/strong><\/h2>\n<div class=\"row\">\n<div class=\"col-sm-8\">\n<div class=\"wpb_text_column wpb_content_element \">\n<div class=\"wpb_wrapper\">\n<p>Nous sommes certifi\u00e9s MCSA Office 365 et cumulons pr\u00e8s de 20 ans d\u2019exp\u00e9riences dans les solutions technologiques pour les PME. Cela signifie que nous faisons partis des meilleures entreprise informatiques. Nos comp\u00e9tences sont reconnues par Microsoft pour toutes les solutions de productivit\u00e9s Office 356. Une grande exp\u00e9rience dans les solutions Azure est aussi mise \u00e0 contribution.<\/p>\n<p>Nous sommes \u00e9galement experts dans tout ce qui touche \u00e0 la gestion d\u2019un parc informatique qu\u2019il soit simple ou \u00e0 plusieurs points de services.<\/p>\n<\/div>\n<p>De nos jours, la gestion des donn\u00e9es informatiques est primordiale et aucune entreprise ne peut se permettre de perdre des donn\u00e9es, courriels, comptabilit\u00e9, contacts, etc. Nos solutions vous aiderons \u00e0 pr\u00e9server vos donn\u00e9es si pr\u00e9cieuses.<\/p>\n<\/div>\n<p>Les solutions d\u2019Office 365 vous permettrons de rapprocher vos employ\u00e9s et d\u2019augmenter la collaboration de vos \u00e9quipes.<\/p>\n<\/div>\n<\/div>\n<\/div>\n<\/div>\n<\/div>\n<\/div>\n<\/div>\n<div class=\"content_info\">\n<div class=\"section-gray \">\n<div class=\"container \">\n<div class=\"row \">\n<div class=\"col-sm-12\">\n<h3 class=\"vc_custom_heading vc_custom_1487274349097\">Office 365 offre une multitude d\u2019options avantageuses pour votre entreprise :<\/h3>\n<div class=\"wpb_text_column wpb_content_element \">\n<div class=\"wpb_wrapper\">\n<ul class=\"list2Col\">\n<li>H\u00e9bergement de messagerie Exchange<\/li>\n<li>Antivirus et antipourriel pour la messagerie<img decoding=\"async\" loading=\"lazy\" class=\"size-medium wp-image-69 alignright\" src=\"https:\/\/cloudcanada.net\/wp-content\/uploads\/2018\/10\/Office-365-300x163.jpg\" alt=\"\" width=\"300\" height=\"163\" srcset=\"https:\/\/cloudcanada.net\/wp-content\/uploads\/2018\/10\/Office-365-300x163.jpg 300w, https:\/\/cloudcanada.net\/wp-content\/uploads\/2018\/10\/Office-365.jpg 374w\" sizes=\"(max-width: 300px) 100vw, 300px\" \/><\/li>\n<li>Messagerie synchronis\u00e9e sur tous vos appareils<\/li>\n<li>Groupes de collaboration<\/li>\n<li>Cryptage des courriels<\/li>\n<li>Version bureau et Web d\u2019Office\u00a02016 et 2019<\/li>\n<li>1 To pour le stockage en ligne et le partage de fichiers<\/li>\n<li>Conf\u00e9rences vid\u00e9o HD avec Skype Entreprise<\/li>\n<\/ul>\n<\/div>\n<h3 class=\"vc_custom_heading vc_custom_1487274349097\">Microsoft Azure offre une \u00e9volution avantageuse pour votre entreprise :<\/h3>\n<ul class=\"list2Col\">\n<li>Machives virtuels de toutes tailles<\/li>\n<li><img decoding=\"async\" loading=\"lazy\" class=\"size-medium wp-image-43 alignright\" src=\"https:\/\/cloudcanada.net\/wp-content\/uploads\/2018\/10\/2000px-Microsoft_Azure_Logo.svg_-300x87.png\" alt=\"\" width=\"300\" height=\"87\" srcset=\"https:\/\/cloudcanada.net\/wp-content\/uploads\/2018\/10\/2000px-Microsoft_Azure_Logo.svg_-300x87.png 300w, https:\/\/cloudcanada.net\/wp-content\/uploads\/2018\/10\/2000px-Microsoft_Azure_Logo.svg_-768x222.png 768w, https:\/\/cloudcanada.net\/wp-content\/uploads\/2018\/10\/2000px-Microsoft_Azure_Logo.svg_-1024x296.png 1024w, https:\/\/cloudcanada.net\/wp-content\/uploads\/2018\/10\/2000px-Microsoft_Azure_Logo.svg_.png 2000w\" sizes=\"(max-width: 300px) 100vw, 300px\" \/>Service de page et d&rsquo;application Web<\/li>\n<li>Base de donn\u00e9es en tant que service<\/li>\n<li>Stockage en ligne<\/li>\n<li>VPN S2S et P2S<\/li>\n<li>Et beaucoup plus&#8230;<\/li>\n<\/ul>\n<\/div>\n<div class=\"wpb_text_column wpb_content_element \">\n<div class=\"wpb_wrapper\">\n<p>Comment vous y retrouver parmi toutes les options offertes?\u00a0<a href=\"mailto:info@cloudcanada.net\">Contactez-nous<\/a>\u00a0d\u00e8s maintenant pour obtenir une consultation.<\/p>\n<\/div>\n<\/div>\n<\/div>\n<\/div>\n<\/div>\n<\/div>\n<\/div>\n","protected":false},"excerpt":{"rendered":"<p>Services informatique Normand Houde, votre partenaire certifi\u00e9 MCSA Office 365 Solutions Cloud pour les PME Nous sommes certifi\u00e9s MCSA Office 365 et cumulons pr\u00e8s de 20 ans d\u2019exp\u00e9riences dans les solutions technologiques pour les PME. Cela signifie que nous faisons partis des meilleures entreprise informatiques. Nos comp\u00e9tences sont reconnues par Microsoft pour toutes les solutions &hellip; <\/p>\n<p class=\"link-more\"><a href=\"https:\/\/cloudcanada.net\/index.php\/services\/\" class=\"more-link\">Continuer la lecture<span class=\"screen-reader-text\"> de &laquo;  &raquo;<\/span><\/a><\/p>\n","protected":false},"author":1,"featured_media":0,"parent":0,"menu_order":0,"comment_status":"closed","ping_status":"closed","template":"","meta":[],"_links":{"self":[{"href":"https:\/\/cloudcanada.net\/index.php\/wp-json\/wp\/v2\/pages\/17"}],"collection":[{"href":"https:\/\/cloudcanada.net\/index.php\/wp-json\/wp\/v2\/pages"}],"about":[{"href":"https:\/\/cloudcanada.net\/index.php\/wp-json\/wp\/v2\/types\/page"}],"author":[{"embeddable":true,"href":"https:\/\/cloudcanada.net\/index.php\/wp-json\/wp\/v2\/users\/1"}],"replies":[{"embeddable":true,"href":"https:\/\/cloudcanada.net\/index.php\/wp-json\/wp\/v2\/comments?post=17"}],"version-history":[{"count":26,"href":"https:\/\/cloudcanada.net\/index.php\/wp-json\/wp\/v2\/pages\/17\/revisions"}],"predecessor-version":[{"id":171,"href":"https:\/\/cloudcanada.net\/index.php\/wp-json\/wp\/v2\/pages\/17\/revisions\/171"}],"wp:attachment":[{"href":"https:\/\/cloudcanada.net\/index.php\/wp-json\/wp\/v2\/media?parent=17"}],"curies":[{"name":"wp","href":"https:\/\/api.w.org\/{rel}","templated":true}]}}